





{"id":110,"date":"2016-06-13T13:42:37","date_gmt":"2016-06-13T11:42:37","guid":{"rendered":"http:\/\/erben-web.de\/?page_id=110"},"modified":"2023-05-12T12:09:49","modified_gmt":"2023-05-12T10:09:49","slug":"referenzen","status":"publish","type":"page","link":"https:\/\/erben-web.de\/referenzen\/","title":{"rendered":"Referenzen"},"content":{"rendered":"<blockquote>\n<p>To whom it may concern,<\/p>\n<p>I am writing to recommend the services of Anja Tautenhahn. I have been working with her on estate arrangements. Ms. Tautenhahn has never disappointed me. She is detailed and meets all the expectations. Her responsiveness to matters makes her one of the best in her field that you should consider having. Thank you, Ms. Tautenhahn, for your very professional assistance with the settling of the estate. I cannot thank you enough for your patience and prompt replies to all of my emails. Your follow through in guiding me through this entire process was done with kindness, patience, and with the care of a true professional. I am confident in recommending her services. She never disappoints. Thank you kindly,<\/p>\n<p>Jacqueline C.<\/p>\n<p>Atascadero, CA, USA<\/p>\n<\/blockquote>\n<blockquote>\n<p>\u00a0Guten Tag Frau Tautenhahn und Team,<\/p>\n<p>gerne m\u00f6chte ich mich bei Ihnen f\u00fcr Ihre Arbeit und die \u00dcberweisung welche bei mir gut angekommen ist, bedanken. Ihnen w\u00fcnsche ich rundum nur das Beste und verbleibe mit freundlichen Gr\u00fcssen<\/p>\n<p>Stephanie W. Buus\/Schweiz<\/p>\n<\/blockquote>\n<blockquote>\n<p>Hallo Herr Weber,<\/p>\n<p>besten Dank f\u00fcr die kompetente Zusammenarbeit und die fixe \u00dcberweisung.<\/p>\n<p>Beste Gr\u00fc\u00dfe<\/p>\n<p>Marcus H. Leipzig<\/p>\n<\/blockquote>\n<blockquote>\n<p>\u00a0Sehr geehrter Herr Weber,<\/p>\n<p>ganz herzlich m\u00f6chte ich mich f\u00fcr die \u00dcberweisung meines Erbanteils bedanken. Ich habe eigentlich nicht geglaubt, dass ich den Abschluss dieser Angelegenheit noch erlebe. Bewundert habe ich Ihre F\u00e4higkeit, die Sache trotz der stets neu auftretenden Schwierigkeiten nicht aufzugeben. Sie haben sich Ihr Geld nicht leicht verdient. Ich darf Ihnen und auch Ihrer Tochter alles Gute w\u00fcnschen.<\/p>\n<p>Mit freundlichen Gr\u00fc\u00dfen<\/p>\n<p>Doris H. Karlsruhe<\/p>\n<\/blockquote>\n<blockquote>\n<p>Hallo Herr Weber<\/p>\n<p>besten Dank f\u00fcr Ihre Nachricht&#8230;.ich habe ja alles erhalten sowie auch die Zahlung an meine Mutter und mich ist eingetroffen. Vielen herzlichen Dank nochmals daf\u00fcr. Ich w\u00fcnsche Ihnen eine gute Zeit und alles Gute&#8230;<\/p>\n<p>Beste Gr\u00fcsse<\/p>\n<p>Marjolein B. Hinwill\/Schweiz<\/p>\n<\/blockquote>\n<blockquote>\n<p>Danke f\u00fcr Ihre M\u00fche U.V.<\/p>\n<\/blockquote>\n<blockquote>\n<p>Sehr geehrte Frau Tautenhahn, sehr geehrter Herr Weber, dankend best\u00e4tige ich den Eingang des Erbanteils aus dem Nachlass Oskar J.G. auf meinem Konto. Sehr herzlich m\u00f6chte ich &#8230;meinen Dank f\u00fcr all Ihre M\u00fche, Ihre tiefgr\u00fcndige und umfassende Recherche \u00fcbermitteln. Es war eine sehr angenehme und vertrauensvolle Zusammenarbeit&#8230;.<\/p>\n<p>MfG D.U.<\/p>\n<\/blockquote>\n<blockquote>\n<p>Sehr geehrter Herr Weber, vielen Dank f\u00fcr Ihre Arbeit und ihrem Einsatz. Ich freue mich sehr \u00fcber das Ergebnis und w\u00fcnsche ihnen weiterhin viel Erfolg und bleiben sie gesund.<\/p>\n<p>Mit besten Gr\u00fc\u00dfen A.P.<\/p>\n<\/blockquote>\n<blockquote>\n<p>Sehr geehrter Herr Weber, f\u00fcr die Nachlassregelung in Sachen Johanna H. m\u00f6chte ich Ihnen und den Mitarbeitern auf diesem Wege vielen Dank sagen.<\/p>\n<p>Mit freundlichen Gr\u00fc\u00dfen R.Sch. aus Leipzig<\/p>\n<\/blockquote>\n<blockquote>\n<p>Sehr geehrter Herr Weber, ich m\u00f6chte mich noch einmal f\u00fcr Ihr Engagement in dieser Sache recht herzlich bei Ihnen bedanken. Sie haben sich Ihr Honorar zu Recht verdient, denn ohne Sie und Ihre Ermittlungen h\u00e4tten wir von dieser Erbschaft nie etwas erfahren und somit auch kein Geld erhalten. Ich w\u00fcnsche Ihnen und Ihrem Team weiterhin gute Gesch\u00e4ftserfolge und pers\u00f6nlich viel Gesundheit und eine gute Zeit.<\/p>\n<p>Mit freundlichen Gr\u00fc\u00dfen S.R. u. D.Sch.<\/p>\n<\/blockquote>\n<blockquote>\n<p>Guten Tag Herr Weber, \u2026..Ich m\u00f6chte mich nochmals f\u00fcr Ihre aufwendigen Recherchen ganz herzlich bedanken. M\u00f6gen Sie und Ihre Familie noch sehr lange bei einer guten und stabilen Gesundheit bleiben, damit Sie viele gl\u00fccklich machen, wie Sie uns gl\u00fccklich gemacht haben. Der \u00fcberraschende Geldsegen flie\u00dft in unser Vorhaben f\u00fcr das betreute Wohnen ein.<\/p>\n<p>Mit freundlichen Gr\u00fc\u00dfen G.G.<\/p>\n<\/blockquote>\n<blockquote>\n<p>Hiermit m\u00f6chte ich mich sehr herzlich f\u00fcr die Unterlagen bedanken. Die Arbeit, die Sie und Ihre Mitarbeiterinnen in den vergangenen Monaten geleistet haben, hat mich sehr beeindruckt. Einen besonderen Dank f\u00fcr den Verkauf des Schmuckes &#8230;<\/p>\n<p>Herzlichst Frau H. Stendal<\/p>\n<\/blockquote>\n<blockquote>\n<p>\u2026 heute ist die Zusammenfassung mit allen Auszahlungen eingetroffen. Ich kann Ihnen best\u00e4tigen, dass diese auf meinem Konto sind. Auch habe ich mich mit meiner Cousine getroffen und Einsicht in die Orginalunterlagen gehabt. Vielen Dank f\u00fcr Ihre Bem\u00fchungen zur Erbschaftsangelegenheit E. Sch., welche ein sch\u00f6nes Weihnachtsgeschenk f\u00fcr uns geworden ist. F\u00fcr die Zukunft w\u00fcnsche ich Ihnen alles Gute und m\u00f6gen Sie noch vielen Menschen zu ihrem Recht verhelfen. &#8230;<\/p>\n<p>J.B. Stendal<\/p>\n<\/blockquote>\n<blockquote>\n<p>Sehr geehrter Herr Rainer Weber und Team, <br \/>\nich m\u00f6chte mich gern bei Ihnen bedanken f\u00fcr die Findung der Erben der Frau R.. Sie haben mir eine gro\u00dfe Freude bereitet und mir geholfen einen gro\u00dfen &#8220;Sorgenfaktor&#8221; loszuwerden. Ich w\u00fcnsche Ihnen und Ihrer Kanzlei weiterhin viel Spa\u00df und Gelingen bei Ihrer sicher aufwendigen Arbeit.<\/p>\n<p>Mit freundlichen Gr\u00fc\u00dfen Inge V.<\/p>\n<\/blockquote>\n<blockquote>\n<p>F\u00fcr Ihre stets nette, hilfsbereite und erfolgreiche Arbeit an meinem, f\u00fcr mich unverhofften Erbe, m\u00f6chte ich Ihnen ganz herzlich danken. Ich w\u00fcnsche Ihnen f\u00fcr Ihre Arbeit weiterhin Erfolg und Momente, in denen Sie neue Kr\u00e4fte tanken k\u00f6nnen.<\/p>\n<p>Alles Gute! B.W.<\/p>\n<\/blockquote>\n<blockquote>\n<p>Sehr geehrter Herr Weber mit Team, <br \/>\nich m\u00f6chte mich bei Ihnen f\u00fcr Ihre aufwendigen Recherchen ganz herzlich bedanken. Wenn meine Familie und ich dann am Strand mit leckeren Cocktails den unerwarteten Geldsegen genie\u00dfen\u2026, denken wir mit einem L\u00e4cheln an Sie und \u2026<\/p>\n<p>Alles Gute f\u00fcr Sie, Heike Sch.<\/p>\n<\/blockquote>\n<blockquote>\n<p>Sehr geehrter Herr Weber, <br \/>\nvielen Dank f\u00fcr die professionelle Abwicklung und alles Gute f\u00fcr die Zukunft!<\/p>\n<p>Mit freundlichen Gr\u00fc\u00dfen Andreas von H.<\/p>\n<\/blockquote>\n<blockquote>\n<p>Sehr geehrter Herr Weber, <br \/>\nich m\u00f6chte mich bei Ihnen und Ihrem Team recht herzlich f\u00fcr Ihre Bem\u00fchungen bedanken. Auch f\u00fcr Ihre Recherche wegen des Grabes von \u2026 danke. F\u00fcr Sie und Ihr Team weiterhin gute Erfolge.<\/p>\n<p>Mit freundlichen Gr\u00fc\u00dfen Karin U.<\/p>\n<\/blockquote>\n<blockquote>\n<p>Sehr geehrter Herr Weber. <br \/>\nWir haben mit besten Dank Ihren Brief mit den Unterlagen in der Nachlassangelegenheit R. erhalten. P\u00fcnktlich am 15.7. war der Betrag von \u2026 Dollar auf unserem Konto eingegangen.<\/p>\n<p>Mit freundlichen Gr\u00fc\u00dfen aus Riverstone\/Australien <br \/>\nK. u. H.<\/p>\n<\/blockquote>\n<blockquote>\n<p>Guten Tag Herr Weber, <br \/>\nwir m\u00f6chten uns bei Ihnen und Ihren Mitarbeitern f\u00fcr die L\u00f6sung dieses Erbfalls sehr bedanken. Mit dem von Ihnen vorbereiteten Erbscheinantrag zum Nachweis der IV. Erbordnung ist uns erst bewusst geworden, welcher Aufwand notwendig war, um alle Verwandten zu ermitteln. F\u00fcr die Zukunft w\u00fcnschen wir Ihnen und Ihrem Team weiterhin Erfolg.<\/p>\n<p>M.W. Berlin<\/p>\n<\/blockquote>\n<blockquote>\n<p>&#8230;Nun m\u00f6chten wir uns nochmals herzlich bei Euch bedanken f\u00fcr Ihre Umsicht und die gewissenhafte Arbeit, die Sie verrichtet haben, um dieses Resultat zu erm\u00f6glichen. Es war wirklich ein unerwarteter Segen f\u00fcr meinen Vater&#8230;<\/p>\n<p>E. A.-Q. from Australia<\/p>\n<\/blockquote>\n<blockquote>\n<p>Sehr geehrter Herr Weber, <br \/>\nIhren Abschlussbericht zur Erbengemeinschaft habe ich heute dankend erhalten. Nach m\u00fchevoller Kleinarbeit ist es Ihnen und den Mitarbeitern gelungen, den Nachlass unserer verstorbenen Cousine Dora Rosemarie Z. f\u00fcr die Erben zum Abschluss zu bringen. Bei so vielen Erben sicher ein schwieriger Auftrag. Ich m\u00f6chte mich pers\u00f6nlich bei Ihnen bedanken. F\u00fcr die Zukunft w\u00fcnsche ich Ihnen und Ihren Mitarbeitern stets Gesundheit und Wohlergehen\u2026. F\u00fcr Ihr Arbeitsleben Erfolg beim Erreichen neuer Ziele.<\/p>\n<p>Mit besten Gr\u00fc\u00dfen <br \/>\nHelga K. Senftenberg<\/p>\n<\/blockquote>\n<blockquote>\n<p>Dem hierzulande in Chemnitz lebenden und bei der Nachlass- und Erbenermittlung wirkenden Herrn Rainer Weber sei hiermit aus dem fernen Stendal Dank und Anerkennung gezollt, f\u00fcr die M\u00fchen die zur Kl\u00e4rung unserer Angelegenheit notwendig waren. Die Zukunft soll wieterhin positiv ausfallen.<\/p>\n<p>Dies w\u00fcnscht die Rentnerin und Witwe W. F.<\/p>\n<\/blockquote>\n<blockquote>\n<p>Sehr geehrter Herr Weber, <br \/>\nich best\u00e4tige den Eingang meines Nachlassanteils auf meinem Bankkonto und nehme die Gelegenheit zum Anlass, mich bei Ihnen f\u00fcr Ihre T\u00e4tigkeit in der Erbschaftsangelegenheit und die korrekte Abwicklung zu bedanken.Gleichzeitig danke ich im Namen meiner D\u00fcsseldorfer Verwandten, namentlich H. Sch., M. H.und G.B., von welchen ich wei\u00df, dass auch diese Ihren Anteil erhalten haben&#8230;<\/p>\n<p>Ich w\u00fcnsche Ihnen alles Gute und zeichne <br \/>\nmit freundlichen Gr\u00fc\u00dfen D. Sch. D\u00fcsseldorf<\/p>\n<\/blockquote>\n<blockquote>\n<p>&#8230;herzlichen Dank f\u00fcr die \u00dcberweisung meines Erbanteils zum Erbfall&#8230; ohne Ihr Zutun h\u00e4tte ich das Erbe beinahe ausgeschlagen. <br \/>\nIch w\u00fcnsche Ihnen und Ihrer Familie alles Gute G.D. Stolberg\/Harz<\/p>\n<\/blockquote>\n<blockquote>\n<p>Sehr geehrter Herr Weber, <br \/>\nhiermit m\u00f6chte ich mich bei Ihnen f\u00fcr Ihre geleistete Arbeit bedanken. Es war f\u00fcr mich eine angenehme \u00dcberraschung, womit ich gar nicht gerechnet habe. Anbei erhalten sie meine Kontonummer. Ich w\u00fcnsche Ihnen weiterhin alles Gute&#8230;&#8221;<\/p>\n<p>Mit freundlichem Gru\u00df <br \/>\nU.S. Dannenberg<\/p>\n<\/blockquote>\n<blockquote>\n<p>&#8230;hiermit m\u00f6chte ich den Eingang meines Erbanteils best\u00e4tigen, ferner den Eingang des nachtr\u00e4glichen Betrages der Mietkaution. Ich m\u00f6chte mich recht herzlich f\u00fcr Ihre Recherchen und Ermittlungen bedanken. Es war f\u00fcr mich eine gro\u00dfe \u00dcberraschung von einer Tante etwas zu erben. Ich konnte es am Anfang gar nicht glauben. Bitte richten Sie auch meinen Dank an Ihre Mitarbeiter aus. Durch Ihre Ermittlungen habe ich auch wieder die M\u00f6glichkeit, mit Verwanden in Kontakt zu treten.<\/p>\n<p>Mit freundlichen Gr\u00fc\u00dfen verbleibe ich als alter &#8220;Chemnitzer&#8221; <br \/>\nR.L. Reutlingen<\/p>\n<\/blockquote>\n<blockquote>\n<p>Sehr geehrter Herr Weber, <br \/>\nf\u00fcr mein anf\u00e4ngliches Misstrauen m\u00f6chte ich mich entschuldigen, gleichzeitig m\u00f6chte ich mich f\u00fcr die vorz\u00fcgliche Arbeit in der Nachlassangelegenheit bei Ihnen und Ihrem Team recht herzlich bedanken.<\/p>\n<p>Mit freundlichen Gr\u00fc\u00dfen <br \/>\nW.A. Burgscheid<\/p>\n<\/blockquote>\n<blockquote>\n<p>Lieber Herr Weber, <br \/>\n&#8230;wir haben die \u00dcberweisung hier dankend erhalten.<\/p>\n<p>Herzliche Gr\u00fc\u00dfe von U.R. Chicago\/U.S.A.<\/p>\n<\/blockquote>\n<blockquote>\n<p>&#8230;in der Anlage \u00fcbersende ich Ihnen die gew\u00fcnschte Entlastungserkl\u00e4rung in der Nachlassangelegenheit D., <br \/>\nF\u00fcr Ihre M\u00fche vielen Dank. M.Th. Chicago\/U.S.A.<\/p>\n<\/blockquote>\n<blockquote>\n<p>Sehr geehrter Herr Rainer Weber,<br \/>\nrecht herzlichen Dank f\u00fcr die Nachlassbearbeitung des Falles von Hans Joachim W.! Unseren herzlichen Dank auch an Ihre Mitarbeiter f\u00fcr die viele Arbeit&#8230;.<\/p>\n<p>Mit freundlichem Gru\u00df <br \/>\nH. u. E. B. aus Weil am Rhein<\/p>\n<\/blockquote>\n<blockquote>\n<p>&#8230;..im Namen meiner Schwester, aber auch in meinem Namen, recht herzlichen Dank f\u00fcr Ihre Bem\u00fchungen im Fall W. Es ist f\u00fcr uns der erste Erbfall, der uns \u00fcberraschend traf und auch noch mit einem Geldsegen verbunden war. Das Geld haben wir erhalten und uns nat\u00fcrlich gefreut, denn woher bekommt man schon unverhofft so einen Betrag. Alle, ob \u00c4mter, Beh\u00f6rden&#8230;erh\u00f6hen nur die Geb\u00fchren und verringern das monatliche Einkommen und da ist ein Zugang schon eine Freude&#8230;<\/p>\n<p>Dr. E. Uckermark<\/p>\n<\/blockquote>\n<blockquote>\n<p>&#8230;.ich danke Ihnen f\u00fcr Ihr Schreiben mit der Abrechnung, beiliegend erhalten Sie die mir zugesandten Unterlagen ausgef\u00fcllt zur\u00fcck. Au\u00dferdem f\u00fcge ich meine Bankverbindung bei. Nochmals herzlichen Dank f\u00fcr Ihre M\u00fchen, ich w\u00fcnsche Ihnen und Ihren Mitarbeitern ein sch\u00f6nes Osterfest..<\/p>\n<p>E.L. aus Sch\u00f6neck<\/p>\n<\/blockquote>\n<blockquote>\n<p>hiermit m\u00f6chte ich mich bei Ihnen f\u00fcr Ihre geleistete Arbeit herzlichst bedanken. Ich habe mich sehr gefreut, dass so eine gro\u00dfe Summe f\u00fcr mich heraus kam, die ich ohne Ihre so gute Zurede verschenkt h\u00e4tte. &#8230;<\/p>\n<p>C. F. Demitz-Thumitz<\/p>\n<\/blockquote>\n<blockquote>\n<p>Ihre Nachricht, dass ich in der Nachlassangelgenenheit M. Erbe geworden bin, habe ich dankend erhalten. &#8230;<\/p>\n<p>J. M. Mouvaux \/ Frankreich<\/p>\n<\/blockquote>\n<blockquote>\n<p>mit Freude habe ich von meinem Anteil an der Erbschaft in o.g. Sache Kenntnis genommen. &#8230;<\/p>\n<p>H. E. Berlin<\/p>\n<\/blockquote>\n<blockquote>\n<p>den Erhalt meines Anteils von &#8230;&#8230;&#8230; US$ best\u00e4tige ich hiermit und danke Ihnen f\u00fcr Ihre M\u00fchen. &#8230;<\/p>\n<p>L. H. Springfield, Missouri USA<\/p>\n<\/blockquote>\n<blockquote>\n<p>nach Empfang Ihres Briefes vom 21. April &#8230; komme ich endlich dazu, Ihnen mitzuteilen, dass wir uns, meine Schwester R. S. und ich selbst, Ihnen f\u00fcr s\u00e4mtliche Bem\u00fchungen, die Sache &#8230; , zum Besten zu erledigen, herzlichst bedanken m\u00f6chten. &#8230;<\/p>\n<p>R. B. Founex, Schweiz<\/p>\n<\/blockquote>\n<blockquote>\n<p>sehr herzlichen Dank f\u00fcr Ihr Schreiben &#8230; &#8230; das Vertrauen, dass ich Ihnen von Anfang an entgegenbrachte, ist echt gerechtfertigt! &#8230; Ich war somit stets ganz sicher, dass alles lief. &#8230; Dank f\u00fcr Ihre vielen und bestimmt nicht einfachen Ermittlungen in dieser Angelegenheit! &#8230;<\/p>\n<p>L. B. Hamburg<\/p>\n<\/blockquote>\n<blockquote>\n<p>Hiermit best\u00e4tige ich Ihnen, dass der Erbteil f\u00fcr meine Klienten hier eingegangen ist. Ich bedanke mich f\u00fcr die Kooperation und die gute Zusammenarbeit &#8230;<\/p>\n<p>Anwalt W. G. Miller aus Boston\/USA<\/p>\n<\/blockquote>\n<blockquote>\n<p>Sehr geehrter Herr Weber, <br \/>\nhiermit m\u00f6chten wir uns f\u00fcr die viele Arbeit und den vielen Unannehmlichkeiten bei der L\u00f6sung in der Erbsache &#8230; bedanken. &#8230;<\/p>\n<p>Fam. M. S. Chemnitz<\/p>\n<\/blockquote>\n<blockquote>\n<p>ist der von Ihnen avisierte Betrag aus der Nachlasssache &#8230; auf meinem Konto eingegangen. Ich bedanke mich ganz herzlich f\u00fcr Ihre Bem\u00fchungen bei der Kl\u00e4rung dieser komplizierten Angelegenheit und w\u00fcnsche Ihnen f\u00fcr die Zukunft alles Gute, vor allem F\u00e4lle, die sich leichter und schneller l\u00f6sen lassen als der unsere. &#8230;&#8221;<\/p>\n<p>J. S. Augustusburg<\/p>\n<\/blockquote>\n<blockquote>\n<p>anbei schicke ich Ihnen die best\u00e4tigte Erkl\u00e4rung zur\u00fcck. Nochmals herzlichen Dank f\u00fcr die korrekte Bearbeitung der besagten Nachlasssache. <br \/>\nIch w\u00fcnsche Ihnen weiterhin beruflichen Erfolg und beste Gesundheit. &#8230;<\/p>\n<p>D. F. Hage<\/p>\n<\/blockquote>\n<blockquote>\n<p>Es wird festgestellt, dass ein anderer Erbe als der badenw\u00fcrttembergische Fiskus nicht vorhanden ist (\u00a7 1964 BGB). Das Nachlassgericht bedankt sich bei Ihnen f\u00fcr Ihre gewissenhafte Amtsf\u00fchrung. &#8230;<\/p>\n<p>gez. W., Notar Amtsgericht L.<\/p>\n<\/blockquote>\n<blockquote>\n<p>F\u00fcr die \u00dcberweisung des Betrages der Hypotheken-Restschuld &#8230; m\u00f6chte ich Ihnen bestens danken. &#8230; F\u00fcr Ihre Bem\u00fchungen nochmals vielen Dank. &#8230;<\/p>\n<p>W. L. Frankfurt\/M.<\/p>\n<\/blockquote>\n<blockquote>\n<p>Ich betrachte damit meinen Erbteil an dem Verkauf des genannten Objektes als abgegolten. Ich danke Ihnen f\u00fcr Ihre Bem\u00fchungen und w\u00fcnsche Ihnen f\u00fcr die Zukunft pers\u00f6nlich und gesch\u00e4ftlich alles Gute. &#8230;<\/p>\n<p>E. J. Chemnitz<\/p>\n<\/blockquote>\n","protected":false},"excerpt":{"rendered":"<p>To whom it may concern, I am writing to recommend the services of Anja Tautenhahn. I have been working with her on estate arrangements. Ms. Tautenhahn has never disappointed me.&hellip; <\/p>\n","protected":false},"author":1,"featured_media":163,"parent":0,"menu_order":14,"comment_status":"closed","ping_status":"closed","template":"","meta":{"footnotes":""},"class_list":["post-110","page","type-page","status-publish","has-post-thumbnail","hentry"],"aioseo_notices":[],"_links":{"self":[{"href":"https:\/\/erben-web.de\/en\/wp-json\/wp\/v2\/pages\/110","targetHints":{"allow":["GET"]}}],"collection":[{"href":"https:\/\/erben-web.de\/en\/wp-json\/wp\/v2\/pages"}],"about":[{"href":"https:\/\/erben-web.de\/en\/wp-json\/wp\/v2\/types\/page"}],"author":[{"embeddable":true,"href":"https:\/\/erben-web.de\/en\/wp-json\/wp\/v2\/users\/1"}],"replies":[{"embeddable":true,"href":"https:\/\/erben-web.de\/en\/wp-json\/wp\/v2\/comments?post=110"}],"version-history":[{"count":1,"href":"https:\/\/erben-web.de\/en\/wp-json\/wp\/v2\/pages\/110\/revisions"}],"predecessor-version":[{"id":474,"href":"https:\/\/erben-web.de\/en\/wp-json\/wp\/v2\/pages\/110\/revisions\/474"}],"wp:featuredmedia":[{"embeddable":true,"href":"https:\/\/erben-web.de\/en\/wp-json\/wp\/v2\/media\/163"}],"wp:attachment":[{"href":"https:\/\/erben-web.de\/en\/wp-json\/wp\/v2\/media?parent=110"}],"curies":[{"name":"wp","href":"https:\/\/api.w.org\/{rel}","templated":true}]}}