





{"id":98,"date":"2016-06-13T13:39:21","date_gmt":"2016-06-13T11:39:21","guid":{"rendered":"http:\/\/erben-web.de\/?page_id=98"},"modified":"2023-05-12T13:18:49","modified_gmt":"2023-05-12T11:18:49","slug":"weltweite-recherche","status":"publish","type":"page","link":"https:\/\/erben-web.de\/weltweite-recherche\/","title":{"rendered":"Weltweite Recherche"},"content":{"rendered":"<p>Im R\u00fcckblick auf eine \u00fcber 30-j\u00e4hrige T\u00e4tigkeit als Erbenermittler und in zahlreichen F\u00e4llen von Amtsgerichten bestellter Nachlasspfleger kann darauf verwiesen werden, dass wichtige Abstammungsnachweise beschafft und auch Angeh\u00f6rige nicht nur in der Bundesrepublik Deutschland sondern u.a. in<\/p>\n<p><div id=\"attachment_340\" style=\"width: 178px\" class=\"wp-caption alignright\"><img loading=\"lazy\" decoding=\"async\" aria-describedby=\"caption-attachment-340\" class=\"wp-image-340\" title=\"Corinna Baumann\" src=\"http:\/\/erben-web.de\/wp-content\/uploads\/corinna-baumann-225x300.jpg\" alt=\"\" width=\"168\" height=\"225\" srcset=\"https:\/\/erben-web.de\/wp-content\/uploads\/corinna-baumann-225x300.jpg 225w, https:\/\/erben-web.de\/wp-content\/uploads\/corinna-baumann.jpg 586w\" sizes=\"auto, (max-width: 168px) 100vw, 168px\" \/><p id=\"caption-attachment-340\" class=\"wp-caption-text\">Corinna Baumann<\/p><\/div> <div id=\"attachment_482\" style=\"width: 178px\" class=\"wp-caption alignright\"><img loading=\"lazy\" decoding=\"async\" aria-describedby=\"caption-attachment-482\" class=\"wp-image-482\" title=\"Martina Weber\" src=\"https:\/\/erben-web.de\/wp-content\/uploads\/DSC04404-2_Portraet_zugeschnitten-224x300.jpg\" alt=\"\" width=\"168\" height=\"225\" srcset=\"https:\/\/erben-web.de\/wp-content\/uploads\/DSC04404-2_Portraet_zugeschnitten-224x300.jpg 224w, https:\/\/erben-web.de\/wp-content\/uploads\/DSC04404-2_Portraet_zugeschnitten-764x1024.jpg 764w, https:\/\/erben-web.de\/wp-content\/uploads\/DSC04404-2_Portraet_zugeschnitten-768x1029.jpg 768w, https:\/\/erben-web.de\/wp-content\/uploads\/DSC04404-2_Portraet_zugeschnitten-1146x1536.jpg 1146w, https:\/\/erben-web.de\/wp-content\/uploads\/DSC04404-2_Portraet_zugeschnitten-1528x2048.jpg 1528w, https:\/\/erben-web.de\/wp-content\/uploads\/DSC04404-2_Portraet_zugeschnitten-scaled.jpg 1910w\" sizes=\"auto, (max-width: 168px) 100vw, 168px\" \/><p id=\"caption-attachment-482\" class=\"wp-caption-text\">Ines W\u00f6llner<\/p><\/div><\/p>\n<div id=\"spalten\">\n<ul class=\"liste\">\n<li>American Samoa<\/li>\n<li>Argentinien<\/li>\n<li>Australien<\/li>\n<li>Belgien<\/li>\n<li>Brasilien<\/li>\n<li>Chile<\/li>\n<li>D\u00e4nemark<\/li>\n<li>Frankreich<\/li>\n<li>Gran Canaria<\/li>\n<li>Griechenland<\/li>\n<li>Gro\u00dfbritannien<\/li>\n<li>Indonesien<\/li>\n<li>Irland<\/li>\n<li>Italien<\/li>\n<li>Kanada<\/li>\n<li>Namibia<\/li>\n<li>\u00d6sterreich<\/li>\n<li>Polen<\/li>\n<li>Rum\u00e4nien<\/li>\n<li>Schweden<\/li>\n<li>Schweiz \u00a0 \u00a0 \u00a0 \u00a0 \u00a0 \u00a0 \u00a0 \u00a0 \u00a0 \u00a0<\/li>\n<li>Spanien<\/li>\n<li>Tschechien<\/li>\n<li>Ungarn<\/li>\n<li>USA<\/li>\n<\/ul>\n<\/div>\n<p>&nbsp;<\/p>\n<p>ermittelt werden konnten.<\/p>\n","protected":false},"excerpt":{"rendered":"<p>Im R\u00fcckblick auf eine \u00fcber 30-j\u00e4hrige T\u00e4tigkeit als Erbenermittler und in zahlreichen F\u00e4llen von Amtsgerichten bestellter Nachlasspfleger kann darauf verwiesen werden, dass wichtige Abstammungsnachweise beschafft und auch Angeh\u00f6rige nicht nur&hellip; <\/p>\n","protected":false},"author":1,"featured_media":160,"parent":0,"menu_order":10,"comment_status":"closed","ping_status":"closed","template":"","meta":{"footnotes":""},"class_list":["post-98","page","type-page","status-publish","has-post-thumbnail","hentry"],"aioseo_notices":[],"_links":{"self":[{"href":"https:\/\/erben-web.de\/en\/wp-json\/wp\/v2\/pages\/98","targetHints":{"allow":["GET"]}}],"collection":[{"href":"https:\/\/erben-web.de\/en\/wp-json\/wp\/v2\/pages"}],"about":[{"href":"https:\/\/erben-web.de\/en\/wp-json\/wp\/v2\/types\/page"}],"author":[{"embeddable":true,"href":"https:\/\/erben-web.de\/en\/wp-json\/wp\/v2\/users\/1"}],"replies":[{"embeddable":true,"href":"https:\/\/erben-web.de\/en\/wp-json\/wp\/v2\/comments?post=98"}],"version-history":[{"count":0,"href":"https:\/\/erben-web.de\/en\/wp-json\/wp\/v2\/pages\/98\/revisions"}],"wp:featuredmedia":[{"embeddable":true,"href":"https:\/\/erben-web.de\/en\/wp-json\/wp\/v2\/media\/160"}],"wp:attachment":[{"href":"https:\/\/erben-web.de\/en\/wp-json\/wp\/v2\/media?parent=98"}],"curies":[{"name":"wp","href":"https:\/\/api.w.org\/{rel}","templated":true}]}}